{"id":151,"date":"2022-09-30T12:48:00","date_gmt":"2022-09-30T10:48:00","guid":{"rendered":"https:\/\/couzeix-country-club.fr\/?page_id=151"},"modified":"2023-03-23T11:41:10","modified_gmt":"2023-03-23T10:41:10","slug":"accueil-horaires","status":"publish","type":"page","link":"https:\/\/couzeix-country-club.fr\/index.php\/accueil-horaires\/","title":{"rendered":"Accueil\/Horaires"},"content":{"rendered":"\n<h2 class=\"has-pale-cyan-blue-background-color has-background has-large-font-size wp-block-heading\" style=\"font-style:normal;font-weight:600;text-transform:none\"><strong>Horaires d\u2019ouverture du Club House :<\/strong>  <\/h2>\n\n\n\n<div style=\"height:36px\" aria-hidden=\"true\" class=\"wp-block-spacer\"><\/div>\n\n\n\n<p>Lundi \/ Mardi \/ Jeudi \/ Vendredi \/ : 11h et 21h30<\/p>\n\n\n\n<p>Mercredi : 10h &#8211; 21h30<\/p>\n\n\n\n<p>Samedi : 9h-20h<\/p>\n\n\n\n<p>Dimanche : 9h &#8211; 19h<\/p>\n\n\n\n<p>Les jours f\u00e9ri\u00e9s : 10h &#8211; 19h&nbsp;<\/p>\n\n\n\n<p>Ces horaires sont seulement pour l&rsquo;ouverture du club house, vous pouvez \u00e9galement venir jouer quand vous le souhaitez (7j\/7 \u00e0 n\u2019importe qu&rsquo;elle heure). Pour l&rsquo;acc\u00e8s \u00e0 la structure couverte, vous allez avoir besoin de l\u2019application NEOP.  Pour les r\u00e9servation de terrain, il faut se rendre sur l\u2019application Tenup (voir page r\u00e9servation). <\/p>\n\n\n\n<div style=\"height:65px\" aria-hidden=\"true\" class=\"wp-block-spacer\"><\/div>\n\n\n\n<h2 class=\"has-pale-cyan-blue-background-color has-background has-large-font-size wp-block-heading\" style=\"font-style:normal;font-weight:600;text-transform:none\"><strong>Fermeture annuelle du Club House\u00a0:<\/strong><\/h2>\n\n\n\n<div style=\"height:35px\" aria-hidden=\"true\" class=\"wp-block-spacer\"><\/div>\n\n\n\n<p>Le 25 d\u00e9cembre et le 1er Janvier&nbsp;<\/p>\n\n\n\n<p>La premi\u00e8re quinzaine d&rsquo;ao\u00fbt<\/p>\n\n\n\n<div style=\"height:66px\" aria-hidden=\"true\" class=\"wp-block-spacer\"><\/div>\n\n\n\n<p><strong>T\u00e9l\u00e9phone : 0555392604<\/strong><\/p>\n\n\n\n<p><strong>Mail : <\/strong><a href=\"mailto:couzeix.country.club@fft.fr\"><strong>couzeix.country.club@fft.fr<\/strong><\/a><\/p>\n\n\n\n<div style=\"height:97px\" aria-hidden=\"true\" class=\"wp-block-spacer\"><\/div>\n\n\n<div class=\"n2-section-smartslider fitvidsignore  n2_clear\" data-ssid=\"3\"><div id=\"n2-ss-3-align\" class=\"n2-ss-align\"><div class=\"n2-padding\"><div id=\"n2-ss-3\" data-creator=\"Smart Slider 3\" data-responsive=\"auto\" class=\"n2-ss-slider n2-ow n2-has-hover n2notransition  \">\n\n\n\n<div class=\"n2-ss-slider-wrapper-inside\">\n        <div class=\"n2-ss-slider-1 n2_ss__touch_element n2-ow\">\n            <div class=\"n2-ss-slider-2 n2-ow\">\n                                                <div class=\"n2-ss-slider-3 n2-ow\">\n\n                    <div class=\"n2-ss-slide-backgrounds n2-ow-all\"><div class=\"n2-ss-slide-background\" data-public-id=\"1\" data-mode=\"fill\"><div class=\"n2-ss-slide-background-image\" data-blur=\"0\" data-opacity=\"100\" data-x=\"50\" data-y=\"50\" data-alt=\"\" data-title=\"\"><picture class=\"skip-lazy\" data-skip-lazy=\"1\"><img decoding=\"async\" src=\"\/\/couzeix-country-club.fr\/wp-content\/uploads\/2024\/11\/20241122_131838-scaled.jpg\" alt=\"\" title=\"\" loading=\"lazy\" class=\"skip-lazy\" data-skip-lazy=\"1\"><\/picture><\/div><div data-color=\"RGBA(255,255,255,0)\" style=\"background-color: RGBA(255,255,255,0);\" class=\"n2-ss-slide-background-color\"><\/div><\/div><div class=\"n2-ss-slide-background\" data-public-id=\"2\" data-mode=\"fill\" aria-hidden=\"true\"><div class=\"n2-ss-slide-background-image\" data-blur=\"0\" data-opacity=\"100\" data-x=\"50\" data-y=\"50\" data-alt=\"\" data-title=\"\"><picture class=\"skip-lazy\" data-skip-lazy=\"1\"><img decoding=\"async\" src=\"\/\/couzeix-country-club.fr\/wp-content\/uploads\/2022\/10\/image-club-house-2-1-scaled.jpg\" alt=\"\" title=\"\" loading=\"lazy\" class=\"skip-lazy\" data-skip-lazy=\"1\"><\/picture><\/div><div data-color=\"RGBA(255,255,255,0)\" style=\"background-color: RGBA(255,255,255,0);\" class=\"n2-ss-slide-background-color\"><\/div><\/div><div class=\"n2-ss-slide-background\" data-public-id=\"3\" data-mode=\"fill\" aria-hidden=\"true\"><div class=\"n2-ss-slide-background-image\" data-blur=\"0\" data-opacity=\"100\" data-x=\"50\" data-y=\"50\" data-alt=\"\" data-title=\"\"><picture class=\"skip-lazy\" data-skip-lazy=\"1\"><img decoding=\"async\" src=\"\/\/couzeix-country-club.fr\/wp-content\/uploads\/2022\/10\/image-club-house-3-1-scaled.jpeg\" alt=\"\" title=\"\" loading=\"lazy\" class=\"skip-lazy\" data-skip-lazy=\"1\"><\/picture><\/div><div data-color=\"RGBA(255,255,255,0)\" style=\"background-color: RGBA(255,255,255,0);\" class=\"n2-ss-slide-background-color\"><\/div><\/div><\/div>                    <div class=\"n2-ss-slider-4 n2-ow\">\n                        <svg xmlns=\"http:\/\/www.w3.org\/2000\/svg\" viewBox=\"0 0 1200 600\" data-related-device=\"desktopPortrait\" class=\"n2-ow n2-ss-preserve-size n2-ss-preserve-size--slider n2-ss-slide-limiter\"><\/svg><div data-first=\"1\" data-slide-duration=\"0\" data-id=\"33\" data-slide-public-id=\"1\" data-title=\"20241122_131838\" class=\"n2-ss-slide n2-ow  n2-ss-slide-33\"><div role=\"note\" class=\"n2-ss-slide--focus\" tabindex=\"-1\">20241122_131838<\/div><div class=\"n2-ss-layers-container n2-ss-slide-limiter n2-ow\"><div class=\"n2-ss-layer n2-ow n-uc-OwvDTNOiowfz\" data-sstype=\"slide\" data-pm=\"default\"><\/div><\/div><\/div><div data-slide-duration=\"0\" data-id=\"13\" data-slide-public-id=\"2\" aria-hidden=\"true\" data-title=\"image club house 2\" class=\"n2-ss-slide n2-ow  n2-ss-slide-13\"><div role=\"note\" class=\"n2-ss-slide--focus\" tabindex=\"-1\">image club house 2<\/div><div class=\"n2-ss-layers-container n2-ss-slide-limiter n2-ow\"><div class=\"n2-ss-layer n2-ow n-uc-VbwIWfzvjiha\" data-sstype=\"slide\" data-pm=\"default\"><\/div><\/div><\/div><div data-slide-duration=\"0\" data-id=\"14\" data-slide-public-id=\"3\" aria-hidden=\"true\" data-title=\"image club house 3\" class=\"n2-ss-slide n2-ow  n2-ss-slide-14\"><div role=\"note\" class=\"n2-ss-slide--focus\" tabindex=\"-1\">image club house 3<\/div><div class=\"n2-ss-layers-container n2-ss-slide-limiter n2-ow\"><div class=\"n2-ss-layer n2-ow n-uc-ZlhkpTJrRoKp\" data-sstype=\"slide\" data-pm=\"default\"><\/div><\/div><\/div>                    <\/div>\n\n                                    <\/div>\n            <\/div>\n        <\/div>\n        <div class=\"n2-ss-slider-controls n2-ss-slider-controls-absolute-left-center\"><div style=\"--widget-offset:15px;\" class=\"n2-ss-widget n2-style-107cb0e4b96e295f0c4852cfc0854d07-heading nextend-arrow n2-ow-all nextend-arrow-previous  nextend-arrow-animated-fade\" data-hide-mobileportrait=\"1\" id=\"n2-ss-3-arrow-previous\" role=\"button\" aria-label=\"previous arrow\" tabindex=\"0\"><img loading=\"lazy\" decoding=\"async\" width=\"32\" height=\"32\" class=\"skip-lazy\" data-skip-lazy=\"1\" src=\"data:image\/svg+xml;base64,PHN2ZyB3aWR0aD0iMzIiIGhlaWdodD0iMzIiIHZpZXdCb3g9IjAgMCAzMiAzMiIgeG1sbnM9Imh0dHA6Ly93d3cudzMub3JnLzIwMDAvc3ZnIj4KICAgIDxwYXRoIGQ9Ik0yMS42ODggMTQuNjg4aC03Ljk1NWwxLjgzMy0xLjY1LS4wMDQtLjAwM2MuMjY3LS4yNC40MzgtLjU4NS40MzgtLjk3MyAwLS43MjQtLjU4OC0xLjMxMi0xLjMxMy0xLjMxMi0uMzM3IDAtLjY0Mi4xMy0uODc0LjM0bC0uMDA0LS4wMDMtNC4zNzYgMy45MzcuMDA0LjAwNEM5LjE3IDE1LjI2OCA5IDE1LjYxMiA5IDE2cy4xNy43MzIuNDM4Ljk3MmwtLjAwNC4wMDQgNC4zNzUgMy45MzcuMDAyLS4wMDNjLjIzMy4yMS41MzguMzQuODc2LjM0LjcyNCAwIDEuMzEyLS41ODggMS4zMTItMS4zMTMgMC0uMzg3LS4xNy0uNzMtLjQzOC0uOTcybC4wMDQtLjAwMy0xLjgzMy0xLjY1aDcuOTU0Yy43MjUgMCAxLjMxMy0uNTg3IDEuMzEzLTEuMzEyIDAtLjcyNS0uNTg4LTEuMzEzLTEuMzEzLTEuMzEzek0xNiAyQzguMjY4IDIgMiA4LjI2OCAyIDE2czYuMjY4IDE0IDE0IDE0IDE0LTYuMjY4IDE0LTE0UzIzLjczMiAyIDE2IDJ6bTAgMjUuMzc1QzkuNzE4IDI3LjM3NSA0LjYyNSAyMi4yODIgNC42MjUgMTZTOS43MTggNC42MjUgMTYgNC42MjUgMjcuMzc1IDkuNzE4IDI3LjM3NSAxNiAyMi4yODIgMjcuMzc1IDE2IDI3LjM3NXoiCiAgICAgICAgICBmaWxsPSIjNDU5NGUxIiBvcGFjaXR5PSIxIiBmaWxsLXJ1bGU9ImV2ZW5vZGQiLz4KPC9zdmc+\" alt=\"previous arrow\"><\/div><\/div><div class=\"n2-ss-slider-controls n2-ss-slider-controls-absolute-right-center\"><div style=\"--widget-offset:15px;\" class=\"n2-ss-widget n2-style-107cb0e4b96e295f0c4852cfc0854d07-heading nextend-arrow n2-ow-all nextend-arrow-next  nextend-arrow-animated-fade\" data-hide-mobileportrait=\"1\" id=\"n2-ss-3-arrow-next\" role=\"button\" aria-label=\"next arrow\" tabindex=\"0\"><img loading=\"lazy\" decoding=\"async\" width=\"32\" height=\"32\" class=\"skip-lazy\" data-skip-lazy=\"1\" src=\"data:image\/svg+xml;base64,PHN2ZyB3aWR0aD0iMzIiIGhlaWdodD0iMzIiIHZpZXdCb3g9IjAgMCAzMiAzMiIgeG1sbnM9Imh0dHA6Ly93d3cudzMub3JnLzIwMDAvc3ZnIj4KICAgIDxwYXRoIGQ9Ik0xOC4xOSAxMS4wODdjLS4yMzUtLjIwNi0uNTQtLjMzNy0uODc4LS4zMzctLjcyNCAwLTEuMzEyLjU4OC0xLjMxMiAxLjMxMyAwIC4zODcuMTcuNzMuNDM4Ljk3MmwxLjgzIDEuNjUySDEwLjMxQzkuNTg4IDE0LjY4NyA5IDE1LjI3NSA5IDE2cy41ODggMS4zMTMgMS4zMTMgMS4zMTNoNy45NTRsLTEuODMzIDEuNjVjLS4yNjMuMjQzLS40MzQuNTg3LS40MzQuOTc0IDAgLjcyNS41ODggMS4zMTMgMS4zMTMgMS4zMTMuMzM3IDAgLjY0Mi0uMTMuODc1LS4zNGw0LjM3OC0zLjkzNGMuMjYzLS4yNDQuNDM0LS41ODguNDM0LS45NzZzLS4xNy0uNzMyLS40MzgtLjk3MmwtNC4zNy0zLjk0ek0xNiAyQzguMjY4IDIgMiA4LjI2OCAyIDE2czYuMjY4IDE0IDE0IDE0IDE0LTYuMjY4IDE0LTE0UzIzLjczMiAyIDE2IDJ6bTAgMjUuMzc1QzkuNzE4IDI3LjM3NSA0LjYyNSAyMi4yODIgNC42MjUgMTZTOS43MTggNC42MjUgMTYgNC42MjUgMjcuMzc1IDkuNzE4IDI3LjM3NSAxNiAyMi4yODIgMjcuMzc1IDE2IDI3LjM3NXoiCiAgICAgICAgICBmaWxsPSIjNDU5NGUxIiBvcGFjaXR5PSIxIiBmaWxsLXJ1bGU9ImV2ZW5vZGQiLz4KPC9zdmc+\" alt=\"next arrow\"><\/div><\/div><\/div><\/div><ss3-loader><\/ss3-loader><\/div><\/div><div class=\"n2_clear\"><\/div><\/div>","protected":false},"excerpt":{"rendered":"<p>Horaires d\u2019ouverture du Club House : Lundi \/ Mardi \/ Jeudi \/ Vendredi \/ : 11h et 21h30 Mercredi : 10h &#8211; 21h30 Samedi : 9h-20h Dimanche : 9h &#8211; 19h Les jours f\u00e9ri\u00e9s : 10h &#8211; 19h&nbsp; Ces horaires sont seulement pour l&rsquo;ouverture du club house, vous pouvez \u00e9galement venir jouer quand vous le [&hellip;]<\/p>\n","protected":false},"author":1,"featured_media":0,"parent":0,"menu_order":0,"comment_status":"closed","ping_status":"closed","template":"","meta":{"om_disable_all_campaigns":false,"_mi_skip_tracking":false,"_monsterinsights_sitenote_active":false,"_monsterinsights_sitenote_note":"","_monsterinsights_sitenote_category":0,"footnotes":""},"class_list":["post-151","page","type-page","status-publish","hentry"],"aioseo_notices":[],"_links":{"self":[{"href":"https:\/\/couzeix-country-club.fr\/index.php\/wp-json\/wp\/v2\/pages\/151","targetHints":{"allow":["GET"]}}],"collection":[{"href":"https:\/\/couzeix-country-club.fr\/index.php\/wp-json\/wp\/v2\/pages"}],"about":[{"href":"https:\/\/couzeix-country-club.fr\/index.php\/wp-json\/wp\/v2\/types\/page"}],"author":[{"embeddable":true,"href":"https:\/\/couzeix-country-club.fr\/index.php\/wp-json\/wp\/v2\/users\/1"}],"replies":[{"embeddable":true,"href":"https:\/\/couzeix-country-club.fr\/index.php\/wp-json\/wp\/v2\/comments?post=151"}],"version-history":[{"count":4,"href":"https:\/\/couzeix-country-club.fr\/index.php\/wp-json\/wp\/v2\/pages\/151\/revisions"}],"predecessor-version":[{"id":676,"href":"https:\/\/couzeix-country-club.fr\/index.php\/wp-json\/wp\/v2\/pages\/151\/revisions\/676"}],"wp:attachment":[{"href":"https:\/\/couzeix-country-club.fr\/index.php\/wp-json\/wp\/v2\/media?parent=151"}],"curies":[{"name":"wp","href":"https:\/\/api.w.org\/{rel}","templated":true}]}}