{"id":152,"date":"2022-09-30T12:48:00","date_gmt":"2022-09-30T10:48:00","guid":{"rendered":"https:\/\/couzeix-country-club.fr\/?page_id=152"},"modified":"2025-02-11T12:18:45","modified_gmt":"2025-02-11T11:18:45","slug":"comite-de-direction","status":"publish","type":"page","link":"https:\/\/couzeix-country-club.fr\/index.php\/comite-de-direction\/","title":{"rendered":"Comit\u00e9 de Direction"},"content":{"rendered":"\n<div style=\"height:50px\" aria-hidden=\"true\" class=\"wp-block-spacer\"><\/div>\n\n\n\n<p>Le CCC est une association sportive dirig\u00e9e par un Comit\u00e9 de Direction (membres b\u00e9n\u00e9voles du club) qui peut \u00eatre renouvel\u00e9 par l&rsquo;assembl\u00e9e g\u00e9n\u00e9rale tous les 4 ans.<\/p>\n\n\n\n<div style=\"height:100px\" aria-hidden=\"true\" class=\"wp-block-spacer\"><\/div>\n\n\n\n<p class=\"has-text-align-center\">Serge Crouzit (pr\u00e9sident) <\/p>\n\n\n<div class=\"wp-block-image\">\n<figure class=\"aligncenter size-full\"><img loading=\"lazy\" decoding=\"async\" width=\"279\" height=\"307\" src=\"https:\/\/couzeix-country-club.fr\/wp-content\/uploads\/2022\/11\/photo-serge_page-0001.jpg\" alt=\"\" class=\"wp-image-541\" srcset=\"https:\/\/couzeix-country-club.fr\/wp-content\/uploads\/2022\/11\/photo-serge_page-0001.jpg 279w, https:\/\/couzeix-country-club.fr\/wp-content\/uploads\/2022\/11\/photo-serge_page-0001-273x300.jpg 273w\" sizes=\"auto, (max-width: 279px) 100vw, 279px\" \/><\/figure>\n<\/div>\n\n\n<div style=\"height:59px\" aria-hidden=\"true\" class=\"wp-block-spacer\"><\/div>\n\n\n\n<p class=\"has-text-align-center\">Patrick Por\u00e9e (Informaticien et p\u00f4le arbitrage)<\/p>\n\n\n\n<div style=\"height:25px\" aria-hidden=\"true\" class=\"wp-block-spacer\"><\/div>\n\n\n<div class=\"wp-block-image\">\n<figure class=\"aligncenter size-large is-resized\"><img loading=\"lazy\" decoding=\"async\" width=\"797\" height=\"1024\" src=\"https:\/\/couzeix-country-club.fr\/wp-content\/uploads\/2022\/11\/POREE_Patrick_PHOTO_ID_2022_page-0001-797x1024.jpg\" alt=\"\" class=\"wp-image-542\" style=\"width:216px;height:277px\" srcset=\"https:\/\/couzeix-country-club.fr\/wp-content\/uploads\/2022\/11\/POREE_Patrick_PHOTO_ID_2022_page-0001-797x1024.jpg 797w, https:\/\/couzeix-country-club.fr\/wp-content\/uploads\/2022\/11\/POREE_Patrick_PHOTO_ID_2022_page-0001-600x771.jpg 600w, https:\/\/couzeix-country-club.fr\/wp-content\/uploads\/2022\/11\/POREE_Patrick_PHOTO_ID_2022_page-0001-233x300.jpg 233w, https:\/\/couzeix-country-club.fr\/wp-content\/uploads\/2022\/11\/POREE_Patrick_PHOTO_ID_2022_page-0001-768x987.jpg 768w, https:\/\/couzeix-country-club.fr\/wp-content\/uploads\/2022\/11\/POREE_Patrick_PHOTO_ID_2022_page-0001.jpg 830w\" sizes=\"auto, (max-width: 797px) 100vw, 797px\" \/><\/figure>\n<\/div>\n\n\n<div style=\"height:60px\" aria-hidden=\"true\" class=\"wp-block-spacer\"><\/div>\n\n\n\n<div style=\"height:21px\" aria-hidden=\"true\" class=\"wp-block-spacer\"><\/div>\n","protected":false},"excerpt":{"rendered":"<p>Le CCC est une association sportive dirig\u00e9e par un Comit\u00e9 de Direction (membres b\u00e9n\u00e9voles du club) qui peut \u00eatre renouvel\u00e9 par l&rsquo;assembl\u00e9e g\u00e9n\u00e9rale tous les 4 ans. Serge Crouzit (pr\u00e9sident) Patrick Por\u00e9e (Informaticien et p\u00f4le arbitrage)<\/p>\n","protected":false},"author":1,"featured_media":0,"parent":0,"menu_order":0,"comment_status":"closed","ping_status":"closed","template":"","meta":{"om_disable_all_campaigns":false,"_mi_skip_tracking":false,"_monsterinsights_sitenote_active":false,"_monsterinsights_sitenote_note":"","_monsterinsights_sitenote_category":0,"footnotes":""},"class_list":["post-152","page","type-page","status-publish","hentry"],"aioseo_notices":[],"_links":{"self":[{"href":"https:\/\/couzeix-country-club.fr\/index.php\/wp-json\/wp\/v2\/pages\/152","targetHints":{"allow":["GET"]}}],"collection":[{"href":"https:\/\/couzeix-country-club.fr\/index.php\/wp-json\/wp\/v2\/pages"}],"about":[{"href":"https:\/\/couzeix-country-club.fr\/index.php\/wp-json\/wp\/v2\/types\/page"}],"author":[{"embeddable":true,"href":"https:\/\/couzeix-country-club.fr\/index.php\/wp-json\/wp\/v2\/users\/1"}],"replies":[{"embeddable":true,"href":"https:\/\/couzeix-country-club.fr\/index.php\/wp-json\/wp\/v2\/comments?post=152"}],"version-history":[{"count":4,"href":"https:\/\/couzeix-country-club.fr\/index.php\/wp-json\/wp\/v2\/pages\/152\/revisions"}],"predecessor-version":[{"id":960,"href":"https:\/\/couzeix-country-club.fr\/index.php\/wp-json\/wp\/v2\/pages\/152\/revisions\/960"}],"wp:attachment":[{"href":"https:\/\/couzeix-country-club.fr\/index.php\/wp-json\/wp\/v2\/media?parent=152"}],"curies":[{"name":"wp","href":"https:\/\/api.w.org\/{rel}","templated":true}]}}