{"id":153,"date":"2022-09-30T12:48:00","date_gmt":"2022-09-30T10:48:00","guid":{"rendered":"https:\/\/couzeix-country-club.fr\/?page_id=153"},"modified":"2023-02-10T14:50:59","modified_gmt":"2023-02-10T13:50:59","slug":"equipe-enseignante","status":"publish","type":"page","link":"https:\/\/couzeix-country-club.fr\/index.php\/equipe-enseignante\/","title":{"rendered":"Equipe Enseignante"},"content":{"rendered":"\n<div class=\"wp-block-media-text alignwide is-stacked-on-mobile\"><figure class=\"wp-block-media-text__media\"><img loading=\"lazy\" decoding=\"async\" width=\"890\" height=\"1024\" src=\"https:\/\/couzeix-country-club.fr\/wp-content\/uploads\/2022\/11\/raul-890x1024.jpeg\" alt=\"\" class=\"wp-image-564 size-full\" srcset=\"https:\/\/couzeix-country-club.fr\/wp-content\/uploads\/2022\/11\/raul-890x1024.jpeg 890w, https:\/\/couzeix-country-club.fr\/wp-content\/uploads\/2022\/11\/raul-600x690.jpeg 600w, https:\/\/couzeix-country-club.fr\/wp-content\/uploads\/2022\/11\/raul-261x300.jpeg 261w, https:\/\/couzeix-country-club.fr\/wp-content\/uploads\/2022\/11\/raul-768x884.jpeg 768w, https:\/\/couzeix-country-club.fr\/wp-content\/uploads\/2022\/11\/raul-1335x1536.jpeg 1335w, https:\/\/couzeix-country-club.fr\/wp-content\/uploads\/2022\/11\/raul-1780x2048.jpeg 1780w\" sizes=\"auto, (max-width: 890px) 100vw, 890px\" \/><\/figure><div class=\"wp-block-media-text__content\">\n<p class=\"has-text-align-center\"><strong>Ra\u00f9l Prinsi<\/strong><\/p>\n\n\n\n<div style=\"height:70px\" aria-hidden=\"true\" class=\"wp-block-spacer\"><\/div>\n\n\n\n<ul class=\"wp-block-list\"><li>Directeur Sportif <\/li><li>Entra\u00eeneur avec un DES (dipl\u00f4me d&rsquo;\u00e9tat sup\u00e9rieur) <\/li><li>Intervient sur l&rsquo;enseignement de l&rsquo;\u00e9cole de tennis <\/li><li>Intervient sur l&rsquo;enseignement des cours collectifs adultes<\/li><\/ul>\n<\/div><\/div>\n\n\n\n<div style=\"height:70px\" aria-hidden=\"true\" class=\"wp-block-spacer\"><\/div>\n\n\n\n<div class=\"wp-block-media-text alignwide is-stacked-on-mobile\"><figure class=\"wp-block-media-text__media\"><img loading=\"lazy\" decoding=\"async\" width=\"919\" height=\"1024\" src=\"https:\/\/couzeix-country-club.fr\/wp-content\/uploads\/2022\/11\/julien-919x1024.jpeg\" alt=\"\" class=\"wp-image-565 size-full\" srcset=\"https:\/\/couzeix-country-club.fr\/wp-content\/uploads\/2022\/11\/julien-919x1024.jpeg 919w, https:\/\/couzeix-country-club.fr\/wp-content\/uploads\/2022\/11\/julien-600x669.jpeg 600w, https:\/\/couzeix-country-club.fr\/wp-content\/uploads\/2022\/11\/julien-269x300.jpeg 269w, https:\/\/couzeix-country-club.fr\/wp-content\/uploads\/2022\/11\/julien-768x856.jpeg 768w, https:\/\/couzeix-country-club.fr\/wp-content\/uploads\/2022\/11\/julien-1378x1536.jpeg 1378w, https:\/\/couzeix-country-club.fr\/wp-content\/uploads\/2022\/11\/julien.jpeg 1774w\" sizes=\"auto, (max-width: 919px) 100vw, 919px\" \/><\/figure><div class=\"wp-block-media-text__content\">\n<p class=\"has-text-align-center\"><strong>Julien Bordas<\/strong><\/p>\n\n\n\n<div style=\"height:70px\" aria-hidden=\"true\" class=\"wp-block-spacer\"><\/div>\n\n\n\n<ul class=\"wp-block-list\"><li>Entra\u00eeneur avec un DE (dipl\u00f4me d&rsquo;\u00e9tat)<\/li><li>Intervient sur l&rsquo;enseignement de l&rsquo;\u00e9cole de tennis <\/li><li>Intervient sur l&rsquo;enseignement des cours collectifs adultes<\/li><\/ul>\n<\/div><\/div>\n\n\n\n<div style=\"height:74px\" aria-hidden=\"true\" class=\"wp-block-spacer\"><\/div>\n\n\n\n<div class=\"wp-block-media-text alignwide is-stacked-on-mobile is-vertically-aligned-center\"><figure class=\"wp-block-media-text__media\"><img loading=\"lazy\" decoding=\"async\" width=\"917\" height=\"1024\" src=\"https:\/\/couzeix-country-club.fr\/wp-content\/uploads\/2022\/11\/paul-917x1024.jpeg\" alt=\"\" class=\"wp-image-566 size-full\" srcset=\"https:\/\/couzeix-country-club.fr\/wp-content\/uploads\/2022\/11\/paul-917x1024.jpeg 917w, https:\/\/couzeix-country-club.fr\/wp-content\/uploads\/2022\/11\/paul-600x670.jpeg 600w, https:\/\/couzeix-country-club.fr\/wp-content\/uploads\/2022\/11\/paul-269x300.jpeg 269w, https:\/\/couzeix-country-club.fr\/wp-content\/uploads\/2022\/11\/paul-768x858.jpeg 768w, https:\/\/couzeix-country-club.fr\/wp-content\/uploads\/2022\/11\/paul-1375x1536.jpeg 1375w, https:\/\/couzeix-country-club.fr\/wp-content\/uploads\/2022\/11\/paul-1834x2048.jpeg 1834w\" sizes=\"auto, (max-width: 917px) 100vw, 917px\" \/><\/figure><div class=\"wp-block-media-text__content\">\n<p class=\"has-text-align-center\"><strong>Paul Escalona<\/strong><\/p>\n\n\n\n<div style=\"height:42px\" aria-hidden=\"true\" class=\"wp-block-spacer\"><\/div>\n\n\n\n<ul class=\"wp-block-list\"><li>Entra\u00eeneur avec un DE (dipl\u00f4me d&rsquo;\u00e9tat)<\/li><li>Intervient sur l&rsquo;enseignement de l&rsquo;\u00e9cole de tennis <\/li><li>Intervient sur l&rsquo;enseignement des cours collectifs adultes<\/li><\/ul>\n<\/div><\/div>\n","protected":false},"excerpt":{"rendered":"","protected":false},"author":1,"featured_media":0,"parent":0,"menu_order":0,"comment_status":"closed","ping_status":"closed","template":"","meta":{"om_disable_all_campaigns":false,"_mi_skip_tracking":false,"_monsterinsights_sitenote_active":false,"_monsterinsights_sitenote_note":"","_monsterinsights_sitenote_category":0,"footnotes":""},"class_list":["post-153","page","type-page","status-publish","hentry"],"aioseo_notices":[],"_links":{"self":[{"href":"https:\/\/couzeix-country-club.fr\/index.php\/wp-json\/wp\/v2\/pages\/153","targetHints":{"allow":["GET"]}}],"collection":[{"href":"https:\/\/couzeix-country-club.fr\/index.php\/wp-json\/wp\/v2\/pages"}],"about":[{"href":"https:\/\/couzeix-country-club.fr\/index.php\/wp-json\/wp\/v2\/types\/page"}],"author":[{"embeddable":true,"href":"https:\/\/couzeix-country-club.fr\/index.php\/wp-json\/wp\/v2\/users\/1"}],"replies":[{"embeddable":true,"href":"https:\/\/couzeix-country-club.fr\/index.php\/wp-json\/wp\/v2\/comments?post=153"}],"version-history":[{"count":3,"href":"https:\/\/couzeix-country-club.fr\/index.php\/wp-json\/wp\/v2\/pages\/153\/revisions"}],"predecessor-version":[{"id":619,"href":"https:\/\/couzeix-country-club.fr\/index.php\/wp-json\/wp\/v2\/pages\/153\/revisions\/619"}],"wp:attachment":[{"href":"https:\/\/couzeix-country-club.fr\/index.php\/wp-json\/wp\/v2\/media?parent=153"}],"curies":[{"name":"wp","href":"https:\/\/api.w.org\/{rel}","templated":true}]}}