{"id":154,"date":"2022-09-30T12:48:00","date_gmt":"2022-09-30T10:48:00","guid":{"rendered":"https:\/\/couzeix-country-club.fr\/?page_id=154"},"modified":"2026-02-12T12:35:12","modified_gmt":"2026-02-12T11:35:12","slug":"devenir-membre","status":"publish","type":"page","link":"https:\/\/couzeix-country-club.fr\/index.php\/devenir-membre\/","title":{"rendered":"Devenir Membre"},"content":{"rendered":"\n<p>Le club propose diff\u00e9rentes formules de cotisations vous permettant de profiter des ces belles installations<\/p>\n\n\n\n<div style=\"height:60px\" aria-hidden=\"true\" class=\"wp-block-spacer\"><\/div>\n\n\n\n<h2 class=\"wp-block-heading has-pale-cyan-blue-background-color has-background has-large-font-size\" style=\"font-style:normal;font-weight:600;text-transform:none\"><strong>La cotisation au club comprend :<\/strong> <\/h2>\n\n\n\n<div style=\"height:35px\" aria-hidden=\"true\" class=\"wp-block-spacer\"><\/div>\n\n\n\n<p>L&rsquo;acc\u00e8s aux 10 terrains de tennis en illimit\u00e9e<\/p>\n\n\n\n<p>La licence FFT (obligatoire)<\/p>\n\n\n\n<p>La r\u00e9servation des terrains en ligne via notre site internet ou l&rsquo;application \u00a0\u00bb Tenup \u00a0\u00bb t\u00e9l\u00e9chargeable sur Google Play ou App Store<\/p>\n\n\n\n<p>La possibilit\u00e9 de participer aux nombreuses animations organis\u00e9es par le club<\/p>\n\n\n\n<p>La mise en relation de recherche de partenaire de jeu et le pr\u00eat de balles<\/p>\n\n\n\n<div style=\"height:35px\" aria-hidden=\"true\" class=\"wp-block-spacer\"><\/div>\n\n\n\n<p>Avec l\u2019arriv\u00e9e de l\u2019\u00e9t\u00e9, nous organisons des ap\u00e9ritifs sportifs d\u00eenatoires&nbsp;o\u00f9 on privil\u00e9gie la convivialit\u00e9 et les parties libres<\/p>\n\n\n\n<div style=\"height:62px\" aria-hidden=\"true\" class=\"wp-block-spacer\"><\/div>\n\n\n\n<h2 class=\"wp-block-heading has-pale-cyan-blue-background-color has-background has-large-font-size\" style=\"font-style:normal;font-weight:600\"><strong>Comment m&rsquo;inscrire<\/strong> ?<\/h2>\n\n\n\n<div style=\"height:27px\" aria-hidden=\"true\" class=\"wp-block-spacer\"><\/div>\n\n\n\n<h3 class=\"wp-block-heading has-pale-cyan-blue-color has-text-color has-medium-font-size\"><strong>1. Me rendre directement \u00e0 l&rsquo;accueil<\/strong> : <\/h3>\n\n\n\n<div style=\"height:38px\" aria-hidden=\"true\" class=\"wp-block-spacer\"><\/div>\n\n\n\n<p>Remplir une fiche d&rsquo;inscription (document \u00e0 t\u00e9l\u00e9charger en bas de page)<\/p>\n\n\n\n<p>Fournir un justificatif de domicile pour b\u00e9n\u00e9ficier du tarif \u00ab\u00a0r\u00e9sident \u00e0 Couzeix\u00a0\u00bb<\/p>\n\n\n\n<p>Fournir un certificat m\u00e9dical (\u00e0 t\u00e9l\u00e9charger en bas de page) et\/o\u00f9 le questionnaire de sant\u00e9 (\u00e0 remplir directement sur Tenup)<\/p>\n\n\n\n<div style=\"height:36px\" aria-hidden=\"true\" class=\"wp-block-spacer\"><\/div>\n\n\n\n<h3 class=\"wp-block-heading has-pale-cyan-blue-color has-text-color has-medium-font-size\"><strong>2. Me rendre sur Tenup pour mon inscription en ligne<\/strong> :<\/h3>\n\n\n\n<div style=\"height:36px\" aria-hidden=\"true\" class=\"wp-block-spacer\"><\/div>\n\n\n\n<p>Cr\u00e9er mon compte<\/p>\n\n\n\n<p>Choisir une formule de cotisation<\/p>\n\n\n\n<p>Effectuer le paiement en ligne<\/p>\n\n\n\n<p>Lorsque je me rends au club pour jouer la premi\u00e8re fois je d\u00e9pose les diff\u00e9rentes attestations (justificatif de domicile pour le tarif \u00ab\u00a0Couzeix\u00a0\u00bb et le certificat m\u00e9dical)<\/p>\n\n\n\n<div style=\"height:54px\" aria-hidden=\"true\" class=\"wp-block-spacer\"><\/div>\n\n\n\n<h2 class=\"wp-block-heading has-pale-cyan-blue-background-color has-background has-large-font-size\" style=\"font-style:normal;font-weight:600;text-transform:none\"><strong>Tarifs et formules<\/strong> : <\/h2>\n\n\n\n<div style=\"height:40px\" aria-hidden=\"true\" class=\"wp-block-spacer\"><\/div>\n\n\n\n<p>Le CCC \u00e9tant associatif et municipal, les habitants de Couzeix b\u00e9n\u00e9ficient d&rsquo;une r\u00e9duction sur la cotisation<\/p>\n\n\n\n<div style=\"height:43px\" aria-hidden=\"true\" class=\"wp-block-spacer\"><\/div>\n\n\n\n<figure class=\"wp-block-image size-large\"><img decoding=\"async\" src=\"https:\/\/couzeix-country-club.fr\/wp-content\/uploads\/2023\/07\/Tarif-adultes-2023-2024-1024x724.png\" alt=\"\" class=\"wp-image-792\"\/><\/figure>\n\n\n\n<div style=\"height:45px\" aria-hidden=\"true\" class=\"wp-block-spacer\"><\/div>\n\n\n\n<p>Si votre adh\u00e9sion se fait en cours d&rsquo;ann\u00e9e le prix de la cotisation est calcul\u00e9 au prorata \u00e0 partir du 1er Janvier. <\/p>\n\n\n\n<div style=\"height:43px\" aria-hidden=\"true\" class=\"wp-block-spacer\"><\/div>\n\n\n\n<p>Le paiement peut s\u2019effectuer directement au club :<\/p>\n\n\n\n<p>Par carte bleue<\/p>\n\n\n\n<p>Par pr\u00e9l\u00e8vement<\/p>\n\n\n\n<p>En esp\u00e8ces<\/p>\n\n\n\n<p>Par ch\u00e8que avec une possibilit\u00e9 de payer en plusieurs fois (8 fois maximum) en pr\u00e9cisant les mois d&rsquo;encaissement souhait\u00e9s<\/p>\n\n\n\n<p>Par Ch\u00e8ques-Vacances, Coupons-Sport, \u2026 (tous types de coupons sont accept\u00e9s)<\/p>\n\n\n\n<div style=\"height:65px\" aria-hidden=\"true\" class=\"wp-block-spacer\"><\/div>\n\n\n\n<div class=\"wp-block-buttons is-layout-flex wp-block-buttons-is-layout-flex\">\n<div class=\"wp-block-button\"><a class=\"wp-block-button__link wp-element-button\" href=\"https:\/\/drive.google.com\/file\/d\/1loE_oEpyKJti4blCAwjUVHtzX4at1HVl\/view?usp=sharing\" target=\"_blank\" rel=\"noreferrer noopener\"><strong>Fiche inscription jeunes<\/strong><\/a><\/div>\n\n\n\n<div class=\"wp-block-button\"><a class=\"wp-block-button__link wp-element-button\" href=\"https:\/\/drive.google.com\/file\/d\/14a5xNUmuU-WtsOcIgFyW_tLN2aDjsnQ6\/view?usp=sharing\" target=\"_blank\" rel=\"noreferrer noopener\"><strong>Fiche inscription adultes<\/strong><\/a><\/div>\n<\/div>\n\n\n\n<div class=\"wp-block-buttons is-layout-flex wp-block-buttons-is-layout-flex\">\n<div class=\"wp-block-button\"><a class=\"wp-block-button__link wp-element-button\" href=\"https:\/\/couzeix-country-club.fr\/wp-content\/uploads\/2022\/10\/Certificat-medical.pdf\"><strong>T\u00e9l\u00e9charger le certificat m\u00e9dical<\/strong><\/a><\/div>\n<\/div>\n\n\n\n<p><\/p>\n","protected":false},"excerpt":{"rendered":"<p>Le club propose diff\u00e9rentes formules de cotisations vous permettant de profiter des ces belles installations La cotisation au club comprend : L&rsquo;acc\u00e8s aux 10 terrains de tennis en illimit\u00e9e La licence FFT (obligatoire) La r\u00e9servation des terrains en ligne via notre site internet ou l&rsquo;application \u00a0\u00bb Tenup \u00a0\u00bb t\u00e9l\u00e9chargeable sur Google Play ou App Store [&hellip;]<\/p>\n","protected":false},"author":1,"featured_media":0,"parent":0,"menu_order":0,"comment_status":"closed","ping_status":"closed","template":"","meta":{"om_disable_all_campaigns":false,"_mi_skip_tracking":false,"_monsterinsights_sitenote_active":false,"_monsterinsights_sitenote_note":"","_monsterinsights_sitenote_category":0,"footnotes":""},"class_list":["post-154","page","type-page","status-publish","hentry"],"aioseo_notices":[],"_links":{"self":[{"href":"https:\/\/couzeix-country-club.fr\/index.php\/wp-json\/wp\/v2\/pages\/154","targetHints":{"allow":["GET"]}}],"collection":[{"href":"https:\/\/couzeix-country-club.fr\/index.php\/wp-json\/wp\/v2\/pages"}],"about":[{"href":"https:\/\/couzeix-country-club.fr\/index.php\/wp-json\/wp\/v2\/types\/page"}],"author":[{"embeddable":true,"href":"https:\/\/couzeix-country-club.fr\/index.php\/wp-json\/wp\/v2\/users\/1"}],"replies":[{"embeddable":true,"href":"https:\/\/couzeix-country-club.fr\/index.php\/wp-json\/wp\/v2\/comments?post=154"}],"version-history":[{"count":15,"href":"https:\/\/couzeix-country-club.fr\/index.php\/wp-json\/wp\/v2\/pages\/154\/revisions"}],"predecessor-version":[{"id":1233,"href":"https:\/\/couzeix-country-club.fr\/index.php\/wp-json\/wp\/v2\/pages\/154\/revisions\/1233"}],"wp:attachment":[{"href":"https:\/\/couzeix-country-club.fr\/index.php\/wp-json\/wp\/v2\/media?parent=154"}],"curies":[{"name":"wp","href":"https:\/\/api.w.org\/{rel}","templated":true}]}}