{"id":156,"date":"2022-09-30T12:48:00","date_gmt":"2022-09-30T10:48:00","guid":{"rendered":"https:\/\/couzeix-country-club.fr\/?page_id=156"},"modified":"2023-03-23T12:00:35","modified_gmt":"2023-03-23T11:00:35","slug":"stages-jeunes","status":"publish","type":"page","link":"https:\/\/couzeix-country-club.fr\/index.php\/stages-jeunes\/","title":{"rendered":"Stages Jeunes"},"content":{"rendered":"\n<p>Ouverts \u00e0 tous, les stages Jeunes sont propos\u00e9s pendant les vacances scolaires aux enfants qui ont entre 4 et 18 ans membres ou non du club.<\/p>\n\n\n\n<div style=\"height:50px\" aria-hidden=\"true\" class=\"wp-block-spacer\"><\/div>\n\n\n\n<h2 class=\"has-pale-cyan-blue-background-color has-background has-large-font-size wp-block-heading\" style=\"font-style:normal;font-weight:600;text-transform:none\"><strong>4 sessions de stages sont propos\u00e9es :<\/strong><\/h2>\n\n\n\n<div style=\"height:35px\" aria-hidden=\"true\" class=\"wp-block-spacer\"><\/div>\n\n\n\n<h3 class=\"has-pale-cyan-blue-color has-text-color wp-block-heading\" style=\"font-size:26px\"><strong>Stages de la Toussaint<\/strong> <\/h3>\n\n\n\n<div style=\"height:34px\" aria-hidden=\"true\" class=\"wp-block-spacer\"><\/div>\n\n\n\n<p>2 formules de stages sont propos\u00e9es :<\/p>\n\n\n\n<div style=\"height:36px\" aria-hidden=\"true\" class=\"wp-block-spacer\"><\/div>\n\n\n\n<p>S\u200b\u200b\u200b\u200b\u200btage \u00bd journ\u00e9e :&nbsp;de 10h \u00e0 12h ou de 14h \u00e0 16h (au choix)<br>Tarif : 100\u20ac adh\u00e9rents du club \/ 110\u20ac non-adh\u00e9rents<\/p>\n\n\n\n<div style=\"height:34px\" aria-hidden=\"true\" class=\"wp-block-spacer\"><\/div>\n\n\n\n<p>Stage journ\u00e9e :&nbsp;de 10 h \u00e0 16h avec multi-activit\u00e9s (repas fourni). <br>Tarif : 170\u20ac adh\u00e9rents du club \/ 180\u20ac non-adh\u00e9rents<\/p>\n\n\n\n<div style=\"height:31px\" aria-hidden=\"true\" class=\"wp-block-spacer\"><\/div>\n\n\n\n<p>R\u00e9ductions de : <\/p>\n\n\n\n<ul class=\"wp-block-list\">\n<li>10% pour le 2\u00e8me enfant ou 2\u00e8me stage <\/li>\n\n\n\n<li>15% pour le 3\u00e8me enfant ou 3\u00e8me stage<\/li>\n\n\n\n<li>20% pour le 4\u00e8me enfant ou 4\u00e8me stage<\/li>\n<\/ul>\n\n\n\n<div style=\"height:51px\" aria-hidden=\"true\" class=\"wp-block-spacer\"><\/div>\n\n\n\n<h3 class=\"has-pale-cyan-blue-color has-text-color wp-block-heading\" style=\"font-size:26px;font-style:normal;font-weight:600;text-transform:none\"><strong>Stages de No\u00ebl<\/strong> <\/h3>\n\n\n\n<div style=\"height:35px\" aria-hidden=\"true\" class=\"wp-block-spacer\"><\/div>\n\n\n\n<p>2 formules de stages sont propos\u00e9es :<\/p>\n\n\n\n<div style=\"height:36px\" aria-hidden=\"true\" class=\"wp-block-spacer\"><\/div>\n\n\n\n<p>S\u200b\u200b\u200b\u200b\u200btage \u00bd journ\u00e9e :&nbsp;de 10h \u00e0 12h ou de 14h \u00e0 16h (au choix)<br>Tarif : 100\u20ac adh\u00e9rents du club \/ 110\u20ac non-adh\u00e9rents<\/p>\n\n\n\n<div style=\"height:36px\" aria-hidden=\"true\" class=\"wp-block-spacer\"><\/div>\n\n\n\n<p>Stage journ\u00e9e :&nbsp;de 10 h \u00e0 16h avec multi-activit\u00e9s (repas fourni). <br>Tarif : 170\u20ac adh\u00e9rents du club \/ 180\u20ac non-adh\u00e9rents<\/p>\n\n\n\n<div style=\"height:30px\" aria-hidden=\"true\" class=\"wp-block-spacer\"><\/div>\n\n\n\n<p>R\u00e9ductions de : <\/p>\n\n\n\n<ul class=\"wp-block-list\">\n<li>10% pour le 2\u00e8me enfant ou 2\u00e8me stage <\/li>\n\n\n\n<li>15% pour le 3\u00e8me enfant ou 3\u00e8me stage<\/li>\n\n\n\n<li>20% pour le 4\u00e8me enfant ou 4\u00e8me stage<\/li>\n<\/ul>\n\n\n\n<div style=\"height:51px\" aria-hidden=\"true\" class=\"wp-block-spacer\"><\/div>\n\n\n\n<h3 class=\"has-pale-cyan-blue-color has-text-color wp-block-heading\" style=\"font-size:26px;font-style:normal;font-weight:600;text-transform:none\">Stages de F\u00e9vrier <\/h3>\n\n\n\n<div style=\"height:28px\" aria-hidden=\"true\" class=\"wp-block-spacer\"><\/div>\n\n\n\n<p>2 formules de stages sont propos\u00e9es :<\/p>\n\n\n\n<div style=\"height:32px\" aria-hidden=\"true\" class=\"wp-block-spacer\"><\/div>\n\n\n\n<p>S\u200b\u200b\u200b\u200b\u200btage \u00bd journ\u00e9e :&nbsp;de 10h \u00e0 12h ou de 14h \u00e0 16h (au choix)<br>Tarif : 100\u20ac adh\u00e9rents du club \/ 110\u20ac non-adh\u00e9rents<\/p>\n\n\n\n<div style=\"height:32px\" aria-hidden=\"true\" class=\"wp-block-spacer\"><\/div>\n\n\n\n<p>Stage journ\u00e9e :&nbsp;de 10 h \u00e0 16h avec multi-activit\u00e9s (repas fourni). <br>Tarif : 170\u20ac adh\u00e9rents du club \/ 180\u20ac non-adh\u00e9rents<\/p>\n\n\n\n<div style=\"height:31px\" aria-hidden=\"true\" class=\"wp-block-spacer\"><\/div>\n\n\n\n<p>R\u00e9ductions de : <\/p>\n\n\n\n<ul class=\"wp-block-list\">\n<li>10% pour le 2\u00e8me enfant ou 2\u00e8me stage <\/li>\n\n\n\n<li>15% pour le 3\u00e8me enfant ou 3\u00e8me stage<\/li>\n\n\n\n<li>20% pour le 4\u00e8me enfant ou 4\u00e8me stage<\/li>\n<\/ul>\n\n\n\n<div style=\"height:53px\" aria-hidden=\"true\" class=\"wp-block-spacer\"><\/div>\n\n\n\n<h3 class=\"has-pale-cyan-blue-color has-text-color wp-block-heading\" style=\"font-size:26px;font-style:normal;font-weight:600;text-transform:none\">Stages d&rsquo;\u00e9t\u00e9<\/h3>\n\n\n\n<div style=\"height:30px\" aria-hidden=\"true\" class=\"wp-block-spacer\"><\/div>\n\n\n\n<p>2 formules de stages sont propos\u00e9es :<\/p>\n\n\n\n<div style=\"height:32px\" aria-hidden=\"true\" class=\"wp-block-spacer\"><\/div>\n\n\n\n<p>S\u200b\u200b\u200b\u200b\u200btage \u00bd journ\u00e9e :&nbsp;de 10h \u00e0 12h ou de 15h \u00e0 17h (au choix)<br>Tarif : 110\u20ac adh\u00e9rents du club \/ 120\u20ac non-adh\u00e9rents<\/p>\n\n\n\n<div style=\"height:31px\" aria-hidden=\"true\" class=\"wp-block-spacer\"><\/div>\n\n\n\n<p>Stage journ\u00e9e :&nbsp;de 10 h \u00e0 17h avec multi-activit\u00e9s (repas fourni). <br>Tarif : 210\u20ac adh\u00e9rents du club \/ 220\u20ac non-adh\u00e9rents<\/p>\n\n\n\n<div style=\"height:35px\" aria-hidden=\"true\" class=\"wp-block-spacer\"><\/div>\n\n\n\n<p>R\u00e9ductions de : <\/p>\n\n\n\n<ul class=\"wp-block-list\">\n<li>10% pour le 2\u00e8me enfant ou 2\u00e8me stage <\/li>\n\n\n\n<li>15% pour le 3\u00e8me enfant ou 3\u00e8me stage<\/li>\n\n\n\n<li>20% pour le 4\u00e8me enfant ou 4\u00e8me stage<\/li>\n<\/ul>\n\n\n\n<div style=\"height:72px\" aria-hidden=\"true\" class=\"wp-block-spacer\"><\/div>\n\n\n\n<h2 class=\"has-pale-cyan-blue-background-color has-background has-large-font-size wp-block-heading\" style=\"font-style:normal;font-weight:600;text-transform:none\">Comment s\u2019inscrire ?<\/h2>\n\n\n\n<div style=\"height:51px\" aria-hidden=\"true\" class=\"wp-block-spacer\"><\/div>\n\n\n\n<h3 class=\"has-pale-cyan-blue-color has-text-color wp-block-heading\" style=\"font-size:25px\"><strong>1. Me rendre directement \u00e0 l&rsquo;accueil : <\/strong><\/h3>\n\n\n\n<div style=\"height:29px\" aria-hidden=\"true\" class=\"wp-block-spacer\"><\/div>\n\n\n\n<ul class=\"wp-block-list\">\n<li>remplir une fiche d&rsquo;inscription<\/li>\n\n\n\n<li>choisir une formule de stage<\/li>\n\n\n\n<li>effectuer le paiement<\/li>\n<\/ul>\n\n\n\n<div style=\"height:30px\" aria-hidden=\"true\" class=\"wp-block-spacer\"><\/div>\n\n\n\n<h3 class=\"has-pale-cyan-blue-color has-text-color wp-block-heading\" style=\"font-size:25px;font-style:normal;font-weight:600;text-transform:none\"><strong>2. <\/strong>Appeler le club au 05.55.39.26.04 <\/h3>\n\n\n\n<div style=\"height:30px\" aria-hidden=\"true\" class=\"wp-block-spacer\"><\/div>\n\n\n\n<ul class=\"wp-block-list\">\n<li>choisir une formule de stage<\/li>\n\n\n\n<li>effectuer le paiement en d\u00e9but de semaine de stage<\/li>\n<\/ul>\n\n\n\n<div style=\"height:50px\" aria-hidden=\"true\" class=\"wp-block-spacer\"><\/div>\n\n\n\n<h3 class=\"has-pale-cyan-blue-background-color has-background has-large-font-size wp-block-heading\" style=\"font-style:normal;font-weight:600;text-transform:none\">Le paiement peut s\u2019effectuer directement au club :<\/h3>\n\n\n\n<div style=\"height:30px\" aria-hidden=\"true\" class=\"wp-block-spacer\"><\/div>\n\n\n\n<ul class=\"wp-block-list\">\n<li>par carte bleue<\/li>\n\n\n\n<li>en esp\u00e8ces<\/li>\n\n\n\n<li>par ch\u00e8que<\/li>\n\n\n\n<li>par Ch\u00e8ques-Vacances et Coupons-Sport<\/li>\n<\/ul>\n","protected":false},"excerpt":{"rendered":"<p>Ouverts \u00e0 tous, les stages Jeunes sont propos\u00e9s pendant les vacances scolaires aux enfants qui ont entre 4 et 18 ans membres ou non du club. 4 sessions de stages sont propos\u00e9es : Stages de la Toussaint 2 formules de stages sont propos\u00e9es : S\u200b\u200b\u200b\u200b\u200btage \u00bd journ\u00e9e :&nbsp;de 10h \u00e0 12h ou de 14h \u00e0 [&hellip;]<\/p>\n","protected":false},"author":1,"featured_media":0,"parent":0,"menu_order":0,"comment_status":"closed","ping_status":"closed","template":"","meta":{"om_disable_all_campaigns":false,"_mi_skip_tracking":false,"_monsterinsights_sitenote_active":false,"_monsterinsights_sitenote_note":"","_monsterinsights_sitenote_category":0,"footnotes":""},"class_list":["post-156","page","type-page","status-publish","hentry"],"aioseo_notices":[],"_links":{"self":[{"href":"https:\/\/couzeix-country-club.fr\/index.php\/wp-json\/wp\/v2\/pages\/156","targetHints":{"allow":["GET"]}}],"collection":[{"href":"https:\/\/couzeix-country-club.fr\/index.php\/wp-json\/wp\/v2\/pages"}],"about":[{"href":"https:\/\/couzeix-country-club.fr\/index.php\/wp-json\/wp\/v2\/types\/page"}],"author":[{"embeddable":true,"href":"https:\/\/couzeix-country-club.fr\/index.php\/wp-json\/wp\/v2\/users\/1"}],"replies":[{"embeddable":true,"href":"https:\/\/couzeix-country-club.fr\/index.php\/wp-json\/wp\/v2\/comments?post=156"}],"version-history":[{"count":4,"href":"https:\/\/couzeix-country-club.fr\/index.php\/wp-json\/wp\/v2\/pages\/156\/revisions"}],"predecessor-version":[{"id":689,"href":"https:\/\/couzeix-country-club.fr\/index.php\/wp-json\/wp\/v2\/pages\/156\/revisions\/689"}],"wp:attachment":[{"href":"https:\/\/couzeix-country-club.fr\/index.php\/wp-json\/wp\/v2\/media?parent=156"}],"curies":[{"name":"wp","href":"https:\/\/api.w.org\/{rel}","templated":true}]}}