{"id":157,"date":"2022-09-30T12:48:00","date_gmt":"2022-09-30T10:48:00","guid":{"rendered":"https:\/\/couzeix-country-club.fr\/?page_id=157"},"modified":"2025-07-07T16:48:17","modified_gmt":"2025-07-07T14:48:17","slug":"enseignement-adultes","status":"publish","type":"page","link":"https:\/\/couzeix-country-club.fr\/index.php\/enseignement-adultes\/","title":{"rendered":"Enseignement Adultes"},"content":{"rendered":"\n<h2 class=\"wp-block-heading has-pale-cyan-blue-background-color has-background has-large-font-size\" style=\"font-style:normal;font-weight:600;text-transform:none\"><strong>Cours Collectifs annuels :<\/strong><\/h2>\n\n\n\n<div style=\"height:37px\" aria-hidden=\"true\" class=\"wp-block-spacer\"><\/div>\n\n\n\n<p>Les cours se d\u00e9roulent du lundi au vendredi (18h &#8211; 21h30) et le samedi matin (9h-10h)<\/p>\n\n\n\n<p>Les entra\u00eenements durent 1h ou 1h30 , 4 joueurs maximum par terrain et se d\u00e9roulent sur 32 semaines (hors vacances scolaires et jours f\u00e9ri\u00e9s)<\/p>\n\n\n\n<p>Les cours d\u00e9butent la derni\u00e8re semaine de septembre et se terminent la premi\u00e8re semaine de juillet&nbsp;<\/p>\n\n\n\n<div style=\"height:51px\" aria-hidden=\"true\" class=\"wp-block-spacer\"><\/div>\n\n\n\n<figure class=\"wp-block-image size-large\"><img decoding=\"async\" src=\"https:\/\/couzeix-country-club.fr\/wp-content\/uploads\/2023\/07\/Tarif-adultes-2023-2024-1024x724.png\" alt=\"\" class=\"wp-image-792\"\/><\/figure>\n\n\n\n<div style=\"height:34px\" aria-hidden=\"true\" class=\"wp-block-spacer\"><\/div>\n\n\n\n<p>Pour pouvoir b\u00e9n\u00e9ficier de l&rsquo;enseignement, il faut \u00eatre \u00e0 jour de sa cotisation<\/p>\n\n\n\n<div style=\"height:50px\" aria-hidden=\"true\" class=\"wp-block-spacer\"><\/div>\n\n\n\n<h2 class=\"wp-block-heading has-pale-cyan-blue-background-color has-background has-large-font-size\" style=\"font-style:normal;font-weight:600;text-transform:none\"><strong>Cours individuels :<\/strong><\/h2>\n\n\n\n<div style=\"height:50px\" aria-hidden=\"true\" class=\"wp-block-spacer\"><\/div>\n\n\n\n<p>\u00c9tant membre ou non du CCC, vous pouvez b\u00e9n\u00e9ficier de cours individuels dispens\u00e9s par 3 enseignants : Raul, Julien et Paul<\/p>\n\n\n\n<p>Ponctuellement ou r\u00e9guli\u00e8rement, vous pouvez r\u00e9server un cr\u00e9neau d&rsquo;une heure (30 euros). Pour le jour et l\u2019heure, veuillez vous adresser directement aux enseignants<\/p>\n\n\n\n<div style=\"height:47px\" aria-hidden=\"true\" class=\"wp-block-spacer\"><\/div>\n\n\n\n<h2 class=\"wp-block-heading has-pale-cyan-blue-background-color has-background has-large-font-size\"><strong>Comment m&rsquo;inscrire ?<\/strong><\/h2>\n\n\n\n<div style=\"height:51px\" aria-hidden=\"true\" class=\"wp-block-spacer\"><\/div>\n\n\n\n<h3 class=\"wp-block-heading has-pale-cyan-blue-color has-text-color has-medium-font-size\"><strong>1. Me rendre directement \u00e0 l&rsquo;accueil :<\/strong> <\/h3>\n\n\n\n<div style=\"height:36px\" aria-hidden=\"true\" class=\"wp-block-spacer\"><\/div>\n\n\n\n<p>Remplir une fiche d&rsquo;inscription (document \u00e0 t\u00e9l\u00e9charger en bas de page)<\/p>\n\n\n\n<p>Fournir un justificatif de domicile pour b\u00e9n\u00e9ficier du tarif \u00ab\u00a0r\u00e9sident \u00e0 Couzeix\u00a0\u00bb&nbsp;<\/p>\n\n\n\n<p>Fournir un certificat m\u00e9dical (\u00e0 t\u00e9l\u00e9charger en bas de page) et\/o\u00f9 le questionnaire de sant\u00e9 (\u00e0 remplir directement sur Tenup)<\/p>\n\n\n\n<div style=\"height:53px\" aria-hidden=\"true\" class=\"wp-block-spacer\"><\/div>\n\n\n\n<h3 class=\"wp-block-heading has-pale-cyan-blue-color has-text-color has-medium-font-size\"><strong>2. Me rendre sur Tenup pour mon inscription en ligne :<\/strong><\/h3>\n\n\n\n<div style=\"height:36px\" aria-hidden=\"true\" class=\"wp-block-spacer\"><\/div>\n\n\n\n<p>Cr\u00e9er mon compte<\/p>\n\n\n\n<p>Choisir une formule de cotisation<\/p>\n\n\n\n<p>Effectuer le paiement en ligne<\/p>\n\n\n\n<p>Lorsque je me rends au club pour jouer la premi\u00e8re fois je d\u00e9pose les diff\u00e9rentes attestations (justificatif de domicile pour le tarif \u00ab\u00a0Couzeix\u00a0\u00bb et le certificat m\u00e9dical)<\/p>\n\n\n\n<div style=\"height:47px\" aria-hidden=\"true\" class=\"wp-block-spacer\"><\/div>\n\n\n\n<p>Le paiement peut s\u2019effectuer directement au club :<\/p>\n\n\n\n<p>Par carte bleue<\/p>\n\n\n\n<p>Par pr\u00e9l\u00e8vement<\/p>\n\n\n\n<p>En esp\u00e8ces<\/p>\n\n\n\n<p>Par ch\u00e8que avec la possibilit\u00e9 de payer en plusieurs fois (8 fois maximum) en pr\u00e9cisant les mois d&rsquo;encaissement souhait\u00e9s<\/p>\n\n\n\n<p>Par Ch\u00e8ques-Vacances, Coupons-Sport, \u2026 (tous types de coupons sont accept\u00e9s)<\/p>\n\n\n\n<div style=\"height:50px\" aria-hidden=\"true\" class=\"wp-block-spacer\"><\/div>\n\n\n\n<div class=\"wp-block-buttons is-layout-flex wp-block-buttons-is-layout-flex\">\n<div class=\"wp-block-button\"><a class=\"wp-block-button__link wp-element-button\" href=\"https:\/\/drive.google.com\/file\/d\/14a5xNUmuU-WtsOcIgFyW_tLN2aDjsnQ6\/view?usp=sharing\" target=\"_blank\" rel=\"noreferrer noopener\"><strong>T\u00e9l\u00e9charger la fiche d&rsquo;inscription<\/strong> <\/a><\/div>\n<\/div>\n\n\n\n<div class=\"wp-block-buttons is-layout-flex wp-block-buttons-is-layout-flex\">\n<div class=\"wp-block-button\"><a class=\"wp-block-button__link wp-element-button\" href=\"https:\/\/couzeix-country-club.fr\/wp-content\/uploads\/2022\/10\/Certificat-medical.pdf\"><strong>T\u00e9l\u00e9charger le certificat m\u00e9dical<\/strong><\/a><\/div>\n<\/div>\n","protected":false},"excerpt":{"rendered":"<p>Cours Collectifs annuels : Les cours se d\u00e9roulent du lundi au vendredi (18h &#8211; 21h30) et le samedi matin (9h-10h) Les entra\u00eenements durent 1h ou 1h30 , 4 joueurs maximum par terrain et se d\u00e9roulent sur 32 semaines (hors vacances scolaires et jours f\u00e9ri\u00e9s) Les cours d\u00e9butent la derni\u00e8re semaine de septembre et se terminent [&hellip;]<\/p>\n","protected":false},"author":1,"featured_media":0,"parent":0,"menu_order":0,"comment_status":"closed","ping_status":"closed","template":"","meta":{"om_disable_all_campaigns":false,"_mi_skip_tracking":false,"_monsterinsights_sitenote_active":false,"_monsterinsights_sitenote_note":"","_monsterinsights_sitenote_category":0,"footnotes":""},"class_list":["post-157","page","type-page","status-publish","hentry"],"aioseo_notices":[],"_links":{"self":[{"href":"https:\/\/couzeix-country-club.fr\/index.php\/wp-json\/wp\/v2\/pages\/157","targetHints":{"allow":["GET"]}}],"collection":[{"href":"https:\/\/couzeix-country-club.fr\/index.php\/wp-json\/wp\/v2\/pages"}],"about":[{"href":"https:\/\/couzeix-country-club.fr\/index.php\/wp-json\/wp\/v2\/types\/page"}],"author":[{"embeddable":true,"href":"https:\/\/couzeix-country-club.fr\/index.php\/wp-json\/wp\/v2\/users\/1"}],"replies":[{"embeddable":true,"href":"https:\/\/couzeix-country-club.fr\/index.php\/wp-json\/wp\/v2\/comments?post=157"}],"version-history":[{"count":8,"href":"https:\/\/couzeix-country-club.fr\/index.php\/wp-json\/wp\/v2\/pages\/157\/revisions"}],"predecessor-version":[{"id":1089,"href":"https:\/\/couzeix-country-club.fr\/index.php\/wp-json\/wp\/v2\/pages\/157\/revisions\/1089"}],"wp:attachment":[{"href":"https:\/\/couzeix-country-club.fr\/index.php\/wp-json\/wp\/v2\/media?parent=157"}],"curies":[{"name":"wp","href":"https:\/\/api.w.org\/{rel}","templated":true}]}}