{"id":58,"date":"2022-04-13T16:30:50","date_gmt":"2022-04-13T14:30:50","guid":{"rendered":"https:\/\/couzeix-country-club.fr\/?page_id=58"},"modified":"2025-04-17T12:29:49","modified_gmt":"2025-04-17T10:29:49","slug":"reservation","status":"publish","type":"page","link":"https:\/\/couzeix-country-club.fr\/index.php\/reservation\/","title":{"rendered":"Couzeix Country Club &#8211; R\u00e9servation"},"content":{"rendered":"<div class=\"wp-block-image\">\n<figure class=\"aligncenter size-full\"><img loading=\"lazy\" decoding=\"async\" width=\"600\" height=\"337\" src=\"https:\/\/couzeix-country-club.fr\/wp-content\/uploads\/2022\/04\/tenupcdetail-1.webp\" alt=\"\" class=\"wp-image-65\" srcset=\"https:\/\/couzeix-country-club.fr\/wp-content\/uploads\/2022\/04\/tenupcdetail-1.webp 600w, https:\/\/couzeix-country-club.fr\/wp-content\/uploads\/2022\/04\/tenupcdetail-1-300x169.webp 300w\" sizes=\"auto, (max-width: 600px) 100vw, 600px\" \/><\/figure>\n<\/div>\n\n\n<div style=\"height:35px\" aria-hidden=\"true\" class=\"wp-block-spacer\"><\/div>\n\n\n\n<p class=\"has-text-align-center\">Votre adh\u00e9sion au club et votre licence FFT vous permettent d\u2019acc\u00e9der \u00e0 \u201cTEN\u2019UP\u201d disponible sur internet :&nbsp;<a href=\"https:\/\/tenup.fft.fr\/\" target=\"_blank\" rel=\"noreferrer noopener\">https:\/\/tenup.fft.fr\/<\/a>&nbsp;ou via l&rsquo;application.<\/p>\n\n\n\n<div style=\"height:49px\" aria-hidden=\"true\" class=\"wp-block-spacer\"><\/div>\n\n\n\n<h2 class=\"wp-block-heading has-pale-cyan-blue-background-color has-background has-large-font-size\" style=\"font-style:normal;font-weight:600;text-transform:none\">Comment r\u00e9server sur TEN&rsquo;UP ? <\/h2>\n\n\n\n<div style=\"height:35px\" aria-hidden=\"true\" class=\"wp-block-spacer\"><\/div>\n\n\n\n<p class=\"has-black-color has-text-color\" style=\"font-size:22px\"><strong>Sur le site internet : <\/strong><\/p>\n\n\n\n<div style=\"height:25px\" aria-hidden=\"true\" class=\"wp-block-spacer\"><\/div>\n\n\n\n<figure class=\"wp-block-gallery has-nested-images columns-default is-cropped wp-block-gallery-1 is-layout-flex wp-block-gallery-is-layout-flex\">\n<figure class=\"wp-block-image size-large\"><img loading=\"lazy\" decoding=\"async\" width=\"1024\" height=\"578\" data-id=\"691\" src=\"https:\/\/couzeix-country-club.fr\/wp-content\/uploads\/2023\/03\/Screenshot-2023-03-23-11.25.01-1024x578.png\" alt=\"\" class=\"wp-image-691\" srcset=\"https:\/\/couzeix-country-club.fr\/wp-content\/uploads\/2023\/03\/Screenshot-2023-03-23-11.25.01-1024x578.png 1024w, https:\/\/couzeix-country-club.fr\/wp-content\/uploads\/2023\/03\/Screenshot-2023-03-23-11.25.01-300x169.png 300w, https:\/\/couzeix-country-club.fr\/wp-content\/uploads\/2023\/03\/Screenshot-2023-03-23-11.25.01-768x434.png 768w, https:\/\/couzeix-country-club.fr\/wp-content\/uploads\/2023\/03\/Screenshot-2023-03-23-11.25.01-1536x867.png 1536w, https:\/\/couzeix-country-club.fr\/wp-content\/uploads\/2023\/03\/Screenshot-2023-03-23-11.25.01-600x339.png 600w, https:\/\/couzeix-country-club.fr\/wp-content\/uploads\/2023\/03\/Screenshot-2023-03-23-11.25.01.png 1651w\" sizes=\"auto, (max-width: 1024px) 100vw, 1024px\" \/><\/figure>\n<\/figure>\n\n\n\n<div style=\"height:25px\" aria-hidden=\"true\" class=\"wp-block-spacer\"><\/div>\n\n\n\n<p class=\"has-text-align-center\">\u00c9tape 1 : Aller dans \u00ab\u00a0R\u00e9server dans mon club\u00a0\u00bb<\/p>\n\n\n\n<div style=\"height:50px\" aria-hidden=\"true\" class=\"wp-block-spacer\"><\/div>\n\n\n\n<figure class=\"wp-block-image size-large\"><img loading=\"lazy\" decoding=\"async\" width=\"1024\" height=\"714\" src=\"https:\/\/couzeix-country-club.fr\/wp-content\/uploads\/2023\/03\/Screenshot-2023-03-23-11.27.35-1024x714.png\" alt=\"\" class=\"wp-image-692\" srcset=\"https:\/\/couzeix-country-club.fr\/wp-content\/uploads\/2023\/03\/Screenshot-2023-03-23-11.27.35-1024x714.png 1024w, https:\/\/couzeix-country-club.fr\/wp-content\/uploads\/2023\/03\/Screenshot-2023-03-23-11.27.35-300x209.png 300w, https:\/\/couzeix-country-club.fr\/wp-content\/uploads\/2023\/03\/Screenshot-2023-03-23-11.27.35-768x535.png 768w, https:\/\/couzeix-country-club.fr\/wp-content\/uploads\/2023\/03\/Screenshot-2023-03-23-11.27.35-600x418.png 600w, https:\/\/couzeix-country-club.fr\/wp-content\/uploads\/2023\/03\/Screenshot-2023-03-23-11.27.35.png 1353w\" sizes=\"auto, (max-width: 1024px) 100vw, 1024px\" \/><\/figure>\n\n\n\n<div style=\"height:26px\" aria-hidden=\"true\" class=\"wp-block-spacer\"><\/div>\n\n\n\n<p class=\"has-text-align-center\">\u00c9tape 2 : S\u00e9lectionner le court souhait\u00e9 et choisir un cr\u00e9neau disponible<\/p>\n\n\n\n<div style=\"height:49px\" aria-hidden=\"true\" class=\"wp-block-spacer\"><\/div>\n\n\n\n<figure class=\"wp-block-image size-large\"><img loading=\"lazy\" decoding=\"async\" width=\"1024\" height=\"560\" src=\"https:\/\/couzeix-country-club.fr\/wp-content\/uploads\/2023\/03\/Screenshot-2023-03-23-11.30.18-1024x560.png\" alt=\"\" class=\"wp-image-693\" srcset=\"https:\/\/couzeix-country-club.fr\/wp-content\/uploads\/2023\/03\/Screenshot-2023-03-23-11.30.18-1024x560.png 1024w, https:\/\/couzeix-country-club.fr\/wp-content\/uploads\/2023\/03\/Screenshot-2023-03-23-11.30.18-300x164.png 300w, https:\/\/couzeix-country-club.fr\/wp-content\/uploads\/2023\/03\/Screenshot-2023-03-23-11.30.18-768x420.png 768w, https:\/\/couzeix-country-club.fr\/wp-content\/uploads\/2023\/03\/Screenshot-2023-03-23-11.30.18-600x328.png 600w, https:\/\/couzeix-country-club.fr\/wp-content\/uploads\/2023\/03\/Screenshot-2023-03-23-11.30.18.png 1315w\" sizes=\"auto, (max-width: 1024px) 100vw, 1024px\" \/><\/figure>\n\n\n\n<div style=\"height:25px\" aria-hidden=\"true\" class=\"wp-block-spacer\"><\/div>\n\n\n\n<p class=\"has-text-align-center\">\u00c9tape 3 : Renseigner le nom du joueur 2 ainsi que la formule choisie puis appuyer sur \u00ab\u00a0suivant\u00a0\u00bb<\/p>\n\n\n\n<div style=\"height:70px\" aria-hidden=\"true\" class=\"wp-block-spacer\"><\/div>\n\n\n\n<p style=\"font-size:22px\"><strong>Sur l&rsquo;application : <\/strong><\/p>\n\n\n\n<div style=\"height:50px\" aria-hidden=\"true\" class=\"wp-block-spacer\"><\/div>\n\n\n\n<figure class=\"wp-block-image size-large\"><img loading=\"lazy\" decoding=\"async\" width=\"473\" height=\"1024\" src=\"https:\/\/couzeix-country-club.fr\/wp-content\/uploads\/2023\/03\/image0-1-473x1024.png\" alt=\"\" class=\"wp-image-698\" srcset=\"https:\/\/couzeix-country-club.fr\/wp-content\/uploads\/2023\/03\/image0-1-473x1024.png 473w, https:\/\/couzeix-country-club.fr\/wp-content\/uploads\/2023\/03\/image0-1-139x300.png 139w, https:\/\/couzeix-country-club.fr\/wp-content\/uploads\/2023\/03\/image0-1-768x1662.png 768w, https:\/\/couzeix-country-club.fr\/wp-content\/uploads\/2023\/03\/image0-1-710x1536.png 710w, https:\/\/couzeix-country-club.fr\/wp-content\/uploads\/2023\/03\/image0-1-946x2048.png 946w, https:\/\/couzeix-country-club.fr\/wp-content\/uploads\/2023\/03\/image0-1-600x1298.png 600w, https:\/\/couzeix-country-club.fr\/wp-content\/uploads\/2023\/03\/image0-1.png 1170w\" sizes=\"auto, (max-width: 473px) 100vw, 473px\" \/><\/figure>\n\n\n\n<div style=\"height:35px\" aria-hidden=\"true\" class=\"wp-block-spacer\"><\/div>\n\n\n\n<p class=\"has-text-align-center\">\u00c9tape 1 : Appuyer sur \u00ab\u00a0R\u00e9servations\u00a0\u00bb dans le menu en bas de l&rsquo;\u00e9cran<\/p>\n\n\n\n<div style=\"height:46px\" aria-hidden=\"true\" class=\"wp-block-spacer\"><\/div>\n\n\n\n<figure class=\"wp-block-image size-large is-resized\"><img loading=\"lazy\" decoding=\"async\" width=\"473\" height=\"1024\" src=\"https:\/\/couzeix-country-club.fr\/wp-content\/uploads\/2023\/03\/image1-1-473x1024.png\" alt=\"\" class=\"wp-image-699\" style=\"width:464px;height:1005px\" srcset=\"https:\/\/couzeix-country-club.fr\/wp-content\/uploads\/2023\/03\/image1-1-473x1024.png 473w, https:\/\/couzeix-country-club.fr\/wp-content\/uploads\/2023\/03\/image1-1-139x300.png 139w, https:\/\/couzeix-country-club.fr\/wp-content\/uploads\/2023\/03\/image1-1-768x1662.png 768w, https:\/\/couzeix-country-club.fr\/wp-content\/uploads\/2023\/03\/image1-1-710x1536.png 710w, https:\/\/couzeix-country-club.fr\/wp-content\/uploads\/2023\/03\/image1-1-946x2048.png 946w, https:\/\/couzeix-country-club.fr\/wp-content\/uploads\/2023\/03\/image1-1-600x1298.png 600w, https:\/\/couzeix-country-club.fr\/wp-content\/uploads\/2023\/03\/image1-1.png 1170w\" sizes=\"auto, (max-width: 473px) 100vw, 473px\" \/><\/figure>\n\n\n\n<div style=\"height:35px\" aria-hidden=\"true\" class=\"wp-block-spacer\"><\/div>\n\n\n\n<p class=\"has-text-align-center\">\u00c9tape 2 : S\u00e9lectionner la date voulue puis appuyer sur \u00ab\u00a0voir la vue du tableau\u00a0\u00bb<\/p>\n\n\n\n<div style=\"height:51px\" aria-hidden=\"true\" class=\"wp-block-spacer\"><\/div>\n\n\n\n<figure class=\"wp-block-image size-large\"><img loading=\"lazy\" decoding=\"async\" width=\"1024\" height=\"473\" src=\"https:\/\/couzeix-country-club.fr\/wp-content\/uploads\/2023\/03\/image2-1-1024x473.png\" alt=\"\" class=\"wp-image-700\" srcset=\"https:\/\/couzeix-country-club.fr\/wp-content\/uploads\/2023\/03\/image2-1-1024x473.png 1024w, https:\/\/couzeix-country-club.fr\/wp-content\/uploads\/2023\/03\/image2-1-300x139.png 300w, https:\/\/couzeix-country-club.fr\/wp-content\/uploads\/2023\/03\/image2-1-768x355.png 768w, https:\/\/couzeix-country-club.fr\/wp-content\/uploads\/2023\/03\/image2-1-1536x710.png 1536w, https:\/\/couzeix-country-club.fr\/wp-content\/uploads\/2023\/03\/image2-1-2048x946.png 2048w, https:\/\/couzeix-country-club.fr\/wp-content\/uploads\/2023\/03\/image2-1-600x277.png 600w\" sizes=\"auto, (max-width: 1024px) 100vw, 1024px\" \/><\/figure>\n\n\n\n<div style=\"height:34px\" aria-hidden=\"true\" class=\"wp-block-spacer\"><\/div>\n\n\n\n<p class=\"has-text-align-center\">\u00c9tape 3 : S\u00e9lectionner le court souhait\u00e9 et choisir un cr\u00e9neau disponible  <\/p>\n\n\n\n<div style=\"height:51px\" aria-hidden=\"true\" class=\"wp-block-spacer\"><\/div>\n\n\n\n<figure class=\"wp-block-image size-large\"><img loading=\"lazy\" decoding=\"async\" width=\"473\" height=\"1024\" src=\"https:\/\/couzeix-country-club.fr\/wp-content\/uploads\/2023\/03\/image3-473x1024.png\" alt=\"\" class=\"wp-image-701\" srcset=\"https:\/\/couzeix-country-club.fr\/wp-content\/uploads\/2023\/03\/image3-473x1024.png 473w, https:\/\/couzeix-country-club.fr\/wp-content\/uploads\/2023\/03\/image3-139x300.png 139w, https:\/\/couzeix-country-club.fr\/wp-content\/uploads\/2023\/03\/image3-768x1662.png 768w, https:\/\/couzeix-country-club.fr\/wp-content\/uploads\/2023\/03\/image3-710x1536.png 710w, https:\/\/couzeix-country-club.fr\/wp-content\/uploads\/2023\/03\/image3-946x2048.png 946w, https:\/\/couzeix-country-club.fr\/wp-content\/uploads\/2023\/03\/image3-600x1298.png 600w, https:\/\/couzeix-country-club.fr\/wp-content\/uploads\/2023\/03\/image3.png 1170w\" sizes=\"auto, (max-width: 473px) 100vw, 473px\" \/><\/figure>\n\n\n\n<div style=\"height:35px\" aria-hidden=\"true\" class=\"wp-block-spacer\"><\/div>\n\n\n\n<p class=\"has-text-align-center\">\u00c9tape 4 : Ajouter le nom du joueur 2 puis appuyer sur \u00ab\u00a0Confirmer\u00a0\u00bb<\/p>\n\n\n\n<div style=\"height:100px\" aria-hidden=\"true\" class=\"wp-block-spacer\"><\/div>\n\n\n<div class=\"wp-block-image\">\n<figure class=\"aligncenter size-full\"><img loading=\"lazy\" decoding=\"async\" width=\"275\" height=\"183\" src=\"https:\/\/couzeix-country-club.fr\/wp-content\/uploads\/2022\/04\/neop.png\" alt=\"\" class=\"wp-image-94\"\/><figcaption class=\"wp-element-caption\">N\u00e9op Acc\u00e8s Club<\/figcaption><\/figure>\n<\/div>\n\n<div class=\"wp-block-image\">\n<figure class=\"aligncenter size-full\"><img loading=\"lazy\" decoding=\"async\" width=\"520\" height=\"350\" src=\"https:\/\/couzeix-country-club.fr\/wp-content\/uploads\/2022\/04\/ca-serrure-connectee-neop.png\" alt=\"\" class=\"wp-image-98\" srcset=\"https:\/\/couzeix-country-club.fr\/wp-content\/uploads\/2022\/04\/ca-serrure-connectee-neop.png 520w, https:\/\/couzeix-country-club.fr\/wp-content\/uploads\/2022\/04\/ca-serrure-connectee-neop-300x202.png 300w\" sizes=\"auto, (max-width: 520px) 100vw, 520px\" \/><\/figure>\n<\/div>\n\n\n<div style=\"height:36px\" aria-hidden=\"true\" class=\"wp-block-spacer\"><\/div>\n\n\n\n<p class=\"has-text-align-center\"><strong>NEOP est une application \u00e0 t\u00e9l\u00e9charger sur votre smartphone. Elle vous permet, <strong>gr\u00e2ce un code<\/strong>, d&rsquo;acc\u00e9der aux terrains int\u00e9rieurs lorsque le Club House est ferm\u00e9. <\/strong><\/p>\n\n\n\n<div style=\"height:35px\" aria-hidden=\"true\" class=\"wp-block-spacer\"><\/div>\n\n\n<div class=\"wp-block-image\">\n<figure class=\"aligncenter size-large\"><img loading=\"lazy\" decoding=\"async\" width=\"1024\" height=\"595\" src=\"https:\/\/couzeix-country-club.fr\/wp-content\/uploads\/2022\/04\/app-neop-bienvenue-sur-fond-bleu-1024x595.png\" alt=\"\" class=\"wp-image-95\" srcset=\"https:\/\/couzeix-country-club.fr\/wp-content\/uploads\/2022\/04\/app-neop-bienvenue-sur-fond-bleu-1024x595.png 1024w, https:\/\/couzeix-country-club.fr\/wp-content\/uploads\/2022\/04\/app-neop-bienvenue-sur-fond-bleu-600x349.png 600w, https:\/\/couzeix-country-club.fr\/wp-content\/uploads\/2022\/04\/app-neop-bienvenue-sur-fond-bleu-300x174.png 300w, https:\/\/couzeix-country-club.fr\/wp-content\/uploads\/2022\/04\/app-neop-bienvenue-sur-fond-bleu-768x446.png 768w, https:\/\/couzeix-country-club.fr\/wp-content\/uploads\/2022\/04\/app-neop-bienvenue-sur-fond-bleu-1536x893.png 1536w, https:\/\/couzeix-country-club.fr\/wp-content\/uploads\/2022\/04\/app-neop-bienvenue-sur-fond-bleu.png 1600w\" sizes=\"auto, (max-width: 1024px) 100vw, 1024px\" \/><\/figure>\n<\/div>\n\n\n<p><\/p>\n","protected":false},"excerpt":{"rendered":"<p>Votre adh\u00e9sion au club et votre licence FFT vous permettent d\u2019acc\u00e9der \u00e0 \u201cTEN\u2019UP\u201d disponible sur internet :&nbsp;https:\/\/tenup.fft.fr\/&nbsp;ou via l&rsquo;application. Comment r\u00e9server sur TEN&rsquo;UP ? Sur le site internet : \u00c9tape 1 : Aller dans \u00ab\u00a0R\u00e9server dans mon club\u00a0\u00bb \u00c9tape 2 : S\u00e9lectionner le court souhait\u00e9 et choisir un cr\u00e9neau disponible \u00c9tape 3 : Renseigner le [&hellip;]<\/p>\n","protected":false},"author":1,"featured_media":0,"parent":0,"menu_order":0,"comment_status":"closed","ping_status":"closed","template":"","meta":{"om_disable_all_campaigns":false,"_mi_skip_tracking":false,"_monsterinsights_sitenote_active":false,"_monsterinsights_sitenote_note":"","_monsterinsights_sitenote_category":0,"footnotes":""},"class_list":["post-58","page","type-page","status-publish","hentry"],"aioseo_notices":[],"_links":{"self":[{"href":"https:\/\/couzeix-country-club.fr\/index.php\/wp-json\/wp\/v2\/pages\/58","targetHints":{"allow":["GET"]}}],"collection":[{"href":"https:\/\/couzeix-country-club.fr\/index.php\/wp-json\/wp\/v2\/pages"}],"about":[{"href":"https:\/\/couzeix-country-club.fr\/index.php\/wp-json\/wp\/v2\/types\/page"}],"author":[{"embeddable":true,"href":"https:\/\/couzeix-country-club.fr\/index.php\/wp-json\/wp\/v2\/users\/1"}],"replies":[{"embeddable":true,"href":"https:\/\/couzeix-country-club.fr\/index.php\/wp-json\/wp\/v2\/comments?post=58"}],"version-history":[{"count":11,"href":"https:\/\/couzeix-country-club.fr\/index.php\/wp-json\/wp\/v2\/pages\/58\/revisions"}],"predecessor-version":[{"id":1011,"href":"https:\/\/couzeix-country-club.fr\/index.php\/wp-json\/wp\/v2\/pages\/58\/revisions\/1011"}],"wp:attachment":[{"href":"https:\/\/couzeix-country-club.fr\/index.php\/wp-json\/wp\/v2\/media?parent=58"}],"curies":[{"name":"wp","href":"https:\/\/api.w.org\/{rel}","templated":true}]}}